{"id":1187,"date":"2026-02-24T15:59:30","date_gmt":"2026-02-24T15:59:30","guid":{"rendered":"https:\/\/stimmlos-gap.de\/?page_id=1187"},"modified":"2026-02-24T16:20:44","modified_gmt":"2026-02-24T16:20:44","slug":"jugendpolitische-forderungen","status":"publish","type":"page","link":"https:\/\/stimmlos-gap.de\/?page_id=1187","title":{"rendered":"Jugendpolitische Forderungen"},"content":{"rendered":"\n<p>Die Vollversammlung des Kreisjugendring hat bei der letzten Versammlung am 19.11.2025 jugendpolitische Forderungen formuliert und beschlossen.<br>Um den W\u00e4hlerinnen und W\u00e4hlern eine Orientierungshilfe im Sinne der Jugend zu geben, haben wir die Kandidat:innen f\u00fcr ein B\u00fcrgermeisteramt gebeten, Fragen zu beantworten.<\/p>\n\n\n\n<p>Hier sind die jugendpolitischen Forderungen:<\/p>\n\n\n\n<p>Beschluss (einstimmig) der Vollversammlung des Kreisjugendring Garmisch-Partenkirchen vom 19.11.2025<\/p>\n\n\n\n<h3 class=\"wp-block-heading\">Jugendpolitische Forderungen zur Kommunalwahl 2026<\/h3>\n\n\n\n<p><br>Jugendarbeit ist eine Pflichtaufgabe der Gemeinden. Die kreisangeh\u00f6rigen Gemeinden sollen entsprechend \u00a7 79 Abs. 2 SGB VIII im eigenen Wirkungskreis und in den Grenzen ihrer Leistungsfahigkeit daf\u00fcr sorgen, dass in ihrem \u00f6rtlichen Bereich die erforderlichen Einrichtungen, Dienste und Veranstaltungen der Jugendarbeit (\u00a7\u00a7 11, 12 SGB VIII) rechtzeitig und ausreichend zur Verf\u00fcgung stehen (AGSG Art. 30 Aufgaben der kreisangeh\u00f6rigen Gemeinden i.V.m. Art. 57 der Gemeindeordnung).<\/p>\n\n\n\n<p>Zur Pflichtaufgabe geh\u00f6rt nach \u00a7 12 i.V.m. \u00a774 SGB VIII auch die finanzielle F\u00f6rderung der Jugendarbeit:<\/p>\n\n\n\n<p>Die Vollversammlung des Kreisjugendring Garmisch-Partenkirchen fordert, dass die \u00f6ffentliche Hand sich verpflichtet, der Jugendarbeit ein angemessenes und<br>bedarfsgerechtes Budget zur Verf\u00fcgung zu stellen, mindestens in der bisherigen H\u00f6he und inflationsbereinigt, um deren vielf\u00e4ltige Aufgaben in Bildung, Teilhabe und<br>Demokratief\u00f6rderung nachhaltig zu gew\u00e4hrleisten.<\/p>\n\n\n\n<p>Beteiligung ist ein grundlegender Bestandteil von Jugendarbeit und f\u00f6rdert das Ehrenamt und die Identifikation mit der Gemeinde:<\/p>\n\n\n\n<p>In jeder gr\u00f6\u00dferen Gemeinde soll es eine Kinder- und Jugendvertretung geben, die ein Antragsrecht im Gemeinderat hat und vom B\u00fcrgermeister, sowie den Aussch\u00fcssen zu allen wichtigen Angelegenheiten, die Kinder und Jugendliche betreffen, angeh\u00f6rt wird. Kleinere Gemeinden sollen eine st\u00e4ndige Beteiligung von Kindern und Jugendlichen sicherstellen.<\/p>\n\n\n\n<p>Die Vollversammlung des Kreisjugendring Garmisch-Partenkirchen fordert, dass die Gemeinde Verg\u00fcnstigungen f\u00fcr alle, die sich ehrenamtlich engagieren, bereitstellt.<br>Ehrenamt macht unsere Gemeinschaft erst m\u00f6glich \u2013 wer sich einsetzt, soll daf\u00fcr Wertsch\u00e4tzung und Unterst\u00fctzung erfahren!<\/p>\n\n\n\n<p>Die Vollversammlung des Kreisjugendring Garmisch-Partenkirchen fordert, dass in jeder Gemeinde ein barrierefreier und inklusiver Freizeit- und Spielbereich geschaffen und dauerhaft erhalten wird, um allen Kindern und Jugendlichen \u2013 unabh\u00e4ngig von k\u00f6rperlichen oder geistigen Voraussetzungen \u2013 gleichberechtigte Teilhabe und gemeinsame Freizeitgestaltung zu erm\u00f6glichen.<\/p>\n\n\n\n<p>Die Vollversammlung des Kreisjugendring Garmisch-Partenkirchen fordert, dass in jeder Gemeinde mindestens ein kostenfrei oder kosteng\u00fcnstig nutzbarer Gemeinschaftsraum dauerhaft geschaffen wird, der Kindern, Jugendlichen und jungen Erwachsenen sowie Vereinen offensteht und f\u00fcr ihre Aktivit\u00e4ten genutzt werden kann.<\/p>\n\n\n\n<p>Die Vollversammlung des Kreisjugendring Garmisch-Partenkirchen fordert, dass jede Gemeinde gezielte Ma\u00dfnahmen ergreift, um die gesellschaftliche Akzeptanz und Wertsch\u00e4tzung junger Menschen zu st\u00e4rken und ihre aktive Teilhabe am Gemeindeleben zu f\u00f6rdern.<\/p>\n\n\n\n<p>Die Positionen von Kandidat:innen sind auf der Kreisjugendring-Homepage zu lesen:<\/p>\n\n\n\n<div class=\"wp-block-buttons is-layout-flex wp-block-buttons-is-layout-flex\">\n<div class=\"wp-block-button\"><a class=\"wp-block-button__link wp-element-button\" href=\"https:\/\/kjr-gap.de\/positionen-von-kandidatinnen.html\" target=\"_blank\" rel=\"noreferrer noopener\"><strong><mark style=\"background-color:rgba(0, 0, 0, 0)\" class=\"has-inline-color has-white-color\">Positionen von Kandidat:innen<\/mark><\/strong><\/a><\/div>\n<\/div>\n","protected":false},"excerpt":{"rendered":"<p>Die Vollversammlung des Kreisjugendring hat bei der letzten Versammlung am 19.11.2025 jugendpolitische Forderungen formuliert und beschlossen.Um den W\u00e4hlerinnen und W\u00e4hlern &hellip; <a href=\"https:\/\/stimmlos-gap.de\/?page_id=1187\" class=\"more-link\">Continue reading <span class=\"screen-reader-text\">Jugendpolitische Forderungen<\/span><\/a><\/p>\n","protected":false},"author":1,"featured_media":0,"parent":0,"menu_order":0,"comment_status":"closed","ping_status":"closed","template":"","meta":{"footnotes":""},"class_list":["post-1187","page","type-page","status-publish","hentry"],"_links":{"self":[{"href":"https:\/\/stimmlos-gap.de\/index.php?rest_route=\/wp\/v2\/pages\/1187","targetHints":{"allow":["GET"]}}],"collection":[{"href":"https:\/\/stimmlos-gap.de\/index.php?rest_route=\/wp\/v2\/pages"}],"about":[{"href":"https:\/\/stimmlos-gap.de\/index.php?rest_route=\/wp\/v2\/types\/page"}],"author":[{"embeddable":true,"href":"https:\/\/stimmlos-gap.de\/index.php?rest_route=\/wp\/v2\/users\/1"}],"replies":[{"embeddable":true,"href":"https:\/\/stimmlos-gap.de\/index.php?rest_route=%2Fwp%2Fv2%2Fcomments&post=1187"}],"version-history":[{"count":4,"href":"https:\/\/stimmlos-gap.de\/index.php?rest_route=\/wp\/v2\/pages\/1187\/revisions"}],"predecessor-version":[{"id":1213,"href":"https:\/\/stimmlos-gap.de\/index.php?rest_route=\/wp\/v2\/pages\/1187\/revisions\/1213"}],"wp:attachment":[{"href":"https:\/\/stimmlos-gap.de\/index.php?rest_route=%2Fwp%2Fv2%2Fmedia&parent=1187"}],"curies":[{"name":"wp","href":"https:\/\/api.w.org\/{rel}","templated":true}]}}