{"id":15,"date":"2018-07-11T07:24:49","date_gmt":"2018-07-11T07:24:49","guid":{"rendered":"http:\/\/stimmlos-gap.de\/?page_id=15"},"modified":"2018-10-09T15:14:18","modified_gmt":"2018-10-09T15:14:18","slug":"u18-reporter","status":"publish","type":"page","link":"https:\/\/stimmlos-gap.de\/?page_id=15","title":{"rendered":"U18 Reporter"},"content":{"rendered":"<p><strong>U18 hat gew\u00e4hlt &#8211; deine Stimme z\u00e4hlt!<\/strong><br \/>\n<strong>Als Jugendreporter mit dem Medienbus &#8222;andi&#8220; durch die Landkreise<\/strong><\/p>\n<p>Ein paar Bilder vom Workshop, bei dem sich die Jugendlichen vorbereitet haben<\/p>\n<div class=\"rl-gallery-container rl-loading\" id=\"rl-gallery-container-1\" data-gallery_id=\"309\"> <div class=\"rl-gallery rl-basicgrid-gallery \" id=\"rl-gallery-1\" data-gallery_no=\"1\"> <div class=\"rl-gallery-item\"><a href=\"https:\/\/stimmlos-gap.de\/wp-content\/uploads\/2018\/10\/IMG_4775.jpg\" title=\"\" data-rl_title=\"\" class=\"rl-gallery-link\" data-rl_caption=\"\" data-rel=\"lightbox-gallery-1\"><img loading=\"lazy\" decoding=\"async\" src=\"https:\/\/stimmlos-gap.de\/wp-content\/uploads\/2018\/10\/IMG_4775-300x225.jpg\" width=\"300\" height=\"225\" alt=\"\"\/><\/a><\/div><div class=\"rl-gallery-item\"><a href=\"https:\/\/stimmlos-gap.de\/wp-content\/uploads\/2018\/10\/IMG_4777.jpg\" title=\"\" data-rl_title=\"\" class=\"rl-gallery-link\" data-rl_caption=\"\" data-rel=\"lightbox-gallery-1\"><img loading=\"lazy\" decoding=\"async\" src=\"https:\/\/stimmlos-gap.de\/wp-content\/uploads\/2018\/10\/IMG_4777-300x225.jpg\" width=\"300\" height=\"225\" alt=\"\"\/><\/a><\/div><div class=\"rl-gallery-item\"><a href=\"https:\/\/stimmlos-gap.de\/wp-content\/uploads\/2018\/10\/IMG_4779.jpg\" title=\"\" data-rl_title=\"\" class=\"rl-gallery-link\" data-rl_caption=\"\" data-rel=\"lightbox-gallery-1\"><img loading=\"lazy\" decoding=\"async\" src=\"https:\/\/stimmlos-gap.de\/wp-content\/uploads\/2018\/10\/IMG_4779-300x225.jpg\" width=\"300\" height=\"225\" alt=\"\"\/><\/a><\/div><div class=\"rl-gallery-item\"><a href=\"https:\/\/stimmlos-gap.de\/wp-content\/uploads\/2018\/10\/IMG_4781.jpg\" title=\"\" data-rl_title=\"\" class=\"rl-gallery-link\" data-rl_caption=\"\" data-rel=\"lightbox-gallery-1\"><img loading=\"lazy\" decoding=\"async\" src=\"https:\/\/stimmlos-gap.de\/wp-content\/uploads\/2018\/10\/IMG_4781-300x225.jpg\" width=\"300\" height=\"225\" alt=\"\"\/><\/a><\/div><div class=\"rl-gallery-item\"><a href=\"https:\/\/stimmlos-gap.de\/wp-content\/uploads\/2018\/10\/IMG_4799.jpg\" title=\"\" data-rl_title=\"\" class=\"rl-gallery-link\" data-rl_caption=\"\" data-rel=\"lightbox-gallery-1\"><img loading=\"lazy\" decoding=\"async\" src=\"https:\/\/stimmlos-gap.de\/wp-content\/uploads\/2018\/10\/IMG_4799-300x225.jpg\" width=\"300\" height=\"225\" alt=\"\"\/><\/a><\/div><div class=\"rl-gallery-item\"><a href=\"https:\/\/stimmlos-gap.de\/wp-content\/uploads\/2018\/10\/IMG_4805.jpg\" title=\"\" data-rl_title=\"\" class=\"rl-gallery-link\" data-rl_caption=\"\" data-rel=\"lightbox-gallery-1\"><img loading=\"lazy\" decoding=\"async\" src=\"https:\/\/stimmlos-gap.de\/wp-content\/uploads\/2018\/10\/IMG_4805-300x225.jpg\" width=\"300\" height=\"225\" alt=\"\"\/><\/a><\/div><div class=\"rl-gallery-item\"><a href=\"https:\/\/stimmlos-gap.de\/wp-content\/uploads\/2018\/10\/IMG_4818.jpg\" title=\"\" data-rl_title=\"\" class=\"rl-gallery-link\" data-rl_caption=\"\" data-rel=\"lightbox-gallery-1\"><img loading=\"lazy\" decoding=\"async\" src=\"https:\/\/stimmlos-gap.de\/wp-content\/uploads\/2018\/10\/IMG_4818-300x225.jpg\" width=\"300\" height=\"225\" alt=\"\"\/><\/a><\/div><div class=\"rl-gallery-item\"><a href=\"https:\/\/stimmlos-gap.de\/wp-content\/uploads\/2018\/10\/IMG_4826.jpg\" title=\"\" data-rl_title=\"\" class=\"rl-gallery-link\" data-rl_caption=\"\" data-rel=\"lightbox-gallery-1\"><img loading=\"lazy\" decoding=\"async\" src=\"https:\/\/stimmlos-gap.de\/wp-content\/uploads\/2018\/10\/IMG_4826-300x225.jpg\" width=\"300\" height=\"225\" alt=\"\"\/><\/a><\/div><div class=\"rl-gallery-item\"><a href=\"https:\/\/stimmlos-gap.de\/wp-content\/uploads\/2018\/10\/IMG_4828.jpg\" title=\"\" data-rl_title=\"\" class=\"rl-gallery-link\" data-rl_caption=\"\" data-rel=\"lightbox-gallery-1\"><img loading=\"lazy\" decoding=\"async\" src=\"https:\/\/stimmlos-gap.de\/wp-content\/uploads\/2018\/10\/IMG_4828-300x225.jpg\" width=\"300\" height=\"225\" alt=\"\"\/><\/a><\/div><div class=\"rl-gallery-item\"><a href=\"https:\/\/stimmlos-gap.de\/wp-content\/uploads\/2018\/10\/DSC00305.jpg\" title=\"\" data-rl_title=\"\" class=\"rl-gallery-link\" data-rl_caption=\"\" data-rel=\"lightbox-gallery-1\"><img loading=\"lazy\" decoding=\"async\" src=\"https:\/\/stimmlos-gap.de\/wp-content\/uploads\/2018\/10\/DSC00305-300x225.jpg\" width=\"300\" height=\"225\" alt=\"\"\/><\/a><\/div><div class=\"rl-gallery-item\"><a href=\"https:\/\/stimmlos-gap.de\/wp-content\/uploads\/2018\/10\/DSC00302.jpg\" title=\"\" data-rl_title=\"\" class=\"rl-gallery-link\" data-rl_caption=\"\" data-rel=\"lightbox-gallery-1\"><img loading=\"lazy\" decoding=\"async\" src=\"https:\/\/stimmlos-gap.de\/wp-content\/uploads\/2018\/10\/DSC00302-300x225.jpg\" width=\"300\" height=\"225\" alt=\"\"\/><\/a><\/div><div class=\"rl-gallery-item\"><a href=\"https:\/\/stimmlos-gap.de\/wp-content\/uploads\/2018\/10\/DSC00300.jpg\" title=\"\" data-rl_title=\"\" class=\"rl-gallery-link\" data-rl_caption=\"\" data-rel=\"lightbox-gallery-1\"><img loading=\"lazy\" decoding=\"async\" src=\"https:\/\/stimmlos-gap.de\/wp-content\/uploads\/2018\/10\/DSC00300-300x225.jpg\" width=\"300\" height=\"225\" alt=\"\"\/><\/a><\/div><div class=\"rl-gallery-item\"><a href=\"https:\/\/stimmlos-gap.de\/wp-content\/uploads\/2018\/10\/DSC00299.jpg\" title=\"\" data-rl_title=\"\" class=\"rl-gallery-link\" data-rl_caption=\"\" data-rel=\"lightbox-gallery-1\"><img loading=\"lazy\" decoding=\"async\" src=\"https:\/\/stimmlos-gap.de\/wp-content\/uploads\/2018\/10\/DSC00299-300x225.jpg\" width=\"300\" height=\"225\" alt=\"\"\/><\/a><\/div><div class=\"rl-gallery-item\"><a href=\"https:\/\/stimmlos-gap.de\/wp-content\/uploads\/2018\/10\/DSC00294.jpg\" title=\"\" data-rl_title=\"\" class=\"rl-gallery-link\" data-rl_caption=\"\" data-rel=\"lightbox-gallery-1\"><img loading=\"lazy\" decoding=\"async\" src=\"https:\/\/stimmlos-gap.de\/wp-content\/uploads\/2018\/10\/DSC00294-300x225.jpg\" width=\"300\" height=\"225\" alt=\"\"\/><\/a><\/div><div class=\"rl-gallery-item\"><a href=\"https:\/\/stimmlos-gap.de\/wp-content\/uploads\/2018\/10\/DSC00293.jpg\" title=\"\" data-rl_title=\"\" class=\"rl-gallery-link\" data-rl_caption=\"\" data-rel=\"lightbox-gallery-1\"><img loading=\"lazy\" decoding=\"async\" src=\"https:\/\/stimmlos-gap.de\/wp-content\/uploads\/2018\/10\/DSC00293-300x225.jpg\" width=\"300\" height=\"225\" alt=\"\"\/><\/a><\/div><div class=\"rl-gallery-item\"><a href=\"https:\/\/stimmlos-gap.de\/wp-content\/uploads\/2018\/10\/DSC00292.jpg\" title=\"\" data-rl_title=\"\" class=\"rl-gallery-link\" data-rl_caption=\"\" data-rel=\"lightbox-gallery-1\"><img loading=\"lazy\" decoding=\"async\" src=\"https:\/\/stimmlos-gap.de\/wp-content\/uploads\/2018\/10\/DSC00292-300x225.jpg\" width=\"300\" height=\"225\" alt=\"\"\/><\/a><\/div> <\/div> <\/div>\n<p>&nbsp;<\/p>\n<p>U18-Wahlreporter unterwegs<\/p>\n<div class=\"rl-gallery-container rl-loading\" id=\"rl-gallery-container-2\" data-gallery_id=\"294\"> <div class=\"rl-gallery rl-basicgrid-gallery \" id=\"rl-gallery-2\" data-gallery_no=\"2\"> <div class=\"rl-gallery-item\"><a href=\"https:\/\/stimmlos-gap.de\/wp-content\/uploads\/2018\/10\/DSC00311.jpg\" title=\"\" data-rl_title=\"\" class=\"rl-gallery-link\" data-rl_caption=\"\" data-rel=\"lightbox-gallery-2\"><img loading=\"lazy\" decoding=\"async\" src=\"https:\/\/stimmlos-gap.de\/wp-content\/uploads\/2018\/10\/DSC00311-300x225.jpg\" width=\"300\" height=\"225\" alt=\"\"\/><\/a><\/div><div class=\"rl-gallery-item\"><a href=\"https:\/\/stimmlos-gap.de\/wp-content\/uploads\/2018\/10\/DSC00313.jpg\" title=\"\" data-rl_title=\"\" class=\"rl-gallery-link\" data-rl_caption=\"\" data-rel=\"lightbox-gallery-2\"><img loading=\"lazy\" decoding=\"async\" src=\"https:\/\/stimmlos-gap.de\/wp-content\/uploads\/2018\/10\/DSC00313-300x225.jpg\" width=\"300\" height=\"225\" alt=\"\"\/><\/a><\/div><div class=\"rl-gallery-item\"><a href=\"https:\/\/stimmlos-gap.de\/wp-content\/uploads\/2018\/10\/DSC00316.jpg\" title=\"\" data-rl_title=\"\" class=\"rl-gallery-link\" data-rl_caption=\"\" data-rel=\"lightbox-gallery-2\"><img loading=\"lazy\" decoding=\"async\" src=\"https:\/\/stimmlos-gap.de\/wp-content\/uploads\/2018\/10\/DSC00316-300x225.jpg\" width=\"300\" height=\"225\" alt=\"\"\/><\/a><\/div><div class=\"rl-gallery-item\"><a href=\"https:\/\/stimmlos-gap.de\/wp-content\/uploads\/2018\/10\/DSC00318.jpg\" title=\"\" data-rl_title=\"\" class=\"rl-gallery-link\" data-rl_caption=\"\" data-rel=\"lightbox-gallery-2\"><img loading=\"lazy\" decoding=\"async\" src=\"https:\/\/stimmlos-gap.de\/wp-content\/uploads\/2018\/10\/DSC00318-300x225.jpg\" width=\"300\" height=\"225\" alt=\"\"\/><\/a><\/div><div class=\"rl-gallery-item\"><a href=\"https:\/\/stimmlos-gap.de\/wp-content\/uploads\/2018\/10\/DSC00319.jpg\" title=\"\" data-rl_title=\"\" class=\"rl-gallery-link\" data-rl_caption=\"\" data-rel=\"lightbox-gallery-2\"><img loading=\"lazy\" decoding=\"async\" src=\"https:\/\/stimmlos-gap.de\/wp-content\/uploads\/2018\/10\/DSC00319-300x225.jpg\" width=\"300\" height=\"225\" alt=\"\"\/><\/a><\/div><div class=\"rl-gallery-item\"><a href=\"https:\/\/stimmlos-gap.de\/wp-content\/uploads\/2018\/10\/DSC00322.jpg\" title=\"\" data-rl_title=\"\" class=\"rl-gallery-link\" data-rl_caption=\"\" data-rel=\"lightbox-gallery-2\"><img loading=\"lazy\" decoding=\"async\" src=\"https:\/\/stimmlos-gap.de\/wp-content\/uploads\/2018\/10\/DSC00322-300x225.jpg\" width=\"300\" height=\"225\" alt=\"\"\/><\/a><\/div><div class=\"rl-gallery-item\"><a href=\"https:\/\/stimmlos-gap.de\/wp-content\/uploads\/2018\/10\/DSC00327.jpg\" title=\"\" data-rl_title=\"\" class=\"rl-gallery-link\" data-rl_caption=\"\" data-rel=\"lightbox-gallery-2\"><img loading=\"lazy\" decoding=\"async\" src=\"https:\/\/stimmlos-gap.de\/wp-content\/uploads\/2018\/10\/DSC00327-300x225.jpg\" width=\"300\" height=\"225\" alt=\"\"\/><\/a><\/div><div class=\"rl-gallery-item\"><a href=\"https:\/\/stimmlos-gap.de\/wp-content\/uploads\/2018\/10\/DSC00335.jpg\" title=\"\" data-rl_title=\"\" class=\"rl-gallery-link\" data-rl_caption=\"\" data-rel=\"lightbox-gallery-2\"><img loading=\"lazy\" decoding=\"async\" src=\"https:\/\/stimmlos-gap.de\/wp-content\/uploads\/2018\/10\/DSC00335-300x225.jpg\" width=\"300\" height=\"225\" alt=\"\"\/><\/a><\/div><div class=\"rl-gallery-item\"><a href=\"https:\/\/stimmlos-gap.de\/wp-content\/uploads\/2018\/10\/IMG_4892.jpg\" title=\"\" data-rl_title=\"\" class=\"rl-gallery-link\" data-rl_caption=\"\" data-rel=\"lightbox-gallery-2\"><img loading=\"lazy\" decoding=\"async\" src=\"https:\/\/stimmlos-gap.de\/wp-content\/uploads\/2018\/10\/IMG_4892-300x225.jpg\" width=\"300\" height=\"225\" alt=\"\"\/><\/a><\/div><div class=\"rl-gallery-item\"><a href=\"https:\/\/stimmlos-gap.de\/wp-content\/uploads\/2018\/10\/IMG_4893.jpg\" title=\"\" data-rl_title=\"\" class=\"rl-gallery-link\" data-rl_caption=\"\" data-rel=\"lightbox-gallery-2\"><img loading=\"lazy\" decoding=\"async\" src=\"https:\/\/stimmlos-gap.de\/wp-content\/uploads\/2018\/10\/IMG_4893-300x225.jpg\" width=\"300\" height=\"225\" alt=\"\"\/><\/a><\/div> <\/div> <\/div>\n<p>&nbsp;<\/p>\n<p>Die BR-Abendschau berichtet \u00fcber die U18-Wahl und unsere Reporter<\/p>\n<div style=\"width: 100%; padding-top: 56.25%; position: relative; background: #000;\"><iframe style=\"position: absolute; left: 0; right: 0; bottom: 0; top: 0; border: 0; height: 100%; width: 100%;\" src=\"https:\/\/www.br.de\/mediathek\/embed\/stimmlos-die-u18-wahl-av:5bbca4a1b40d8d0012382ba4\" allowfullscreen=\"allowfullscreen\"><\/iframe><\/div>\n<p>&nbsp;<\/p>\n<p>Im Anschluss an die U18-Wahl werden wir vier Tage, von 8. \u2013 11. Oktober, mit dem VW Bus \u201eandi\u201c (Memo <strong>AN DI<\/strong>ch) touren. Wir gehen mit den Wahlergebnissen auf die Stra\u00dfe und m\u00f6chten die Meinung der Passanten wissen. Und wer k\u00f6nnte das besser als die jungen Leute selbst &#8211; werde <strong>Jugendreporter!<\/strong><\/p>\n<p><strong>Unser Tourplan:<\/strong><\/p>\n<p>Montag, 08.10.2018:\u00a0\u00a0\u00a0\u00a0\u00a0\u00a0 Weilheim<br \/>\nDienstag, 09.10.2018:\u00a0\u00a0\u00a0\u00a0 Schongau<br \/>\nMittwoch, 10.10.2018:\u00a0\u00a0\u00a0 \u00a0Murnau<br \/>\nDonnerstag, 11.10.2018: \u00a0Garmisch-Partenkirchen<\/p>\n<p>-&gt; zu den <a href=\"https:\/\/stimmlos-gap.de\/?page_id=240\">U18-Wahlreporter-Berichten<\/a><\/p>\n<p>Diese Veranstaltung wird gef\u00f6rdert durch den Bezirksjugendring Oberbayern mit F\u00f6rdermitteln des Bezirk Oberbayern<\/p>\n","protected":false},"excerpt":{"rendered":"<p>U18 hat gew\u00e4hlt &#8211; deine Stimme z\u00e4hlt! Als Jugendreporter mit dem Medienbus &#8222;andi&#8220; durch die Landkreise Ein paar Bilder vom &hellip; <a href=\"https:\/\/stimmlos-gap.de\/?page_id=15\" class=\"more-link\">Continue reading <span class=\"screen-reader-text\">U18 Reporter<\/span><\/a><\/p>\n","protected":false},"author":1,"featured_media":0,"parent":0,"menu_order":0,"comment_status":"closed","ping_status":"closed","template":"","meta":{"footnotes":""},"class_list":["post-15","page","type-page","status-publish","hentry"],"_links":{"self":[{"href":"https:\/\/stimmlos-gap.de\/index.php?rest_route=\/wp\/v2\/pages\/15","targetHints":{"allow":["GET"]}}],"collection":[{"href":"https:\/\/stimmlos-gap.de\/index.php?rest_route=\/wp\/v2\/pages"}],"about":[{"href":"https:\/\/stimmlos-gap.de\/index.php?rest_route=\/wp\/v2\/types\/page"}],"author":[{"embeddable":true,"href":"https:\/\/stimmlos-gap.de\/index.php?rest_route=\/wp\/v2\/users\/1"}],"replies":[{"embeddable":true,"href":"https:\/\/stimmlos-gap.de\/index.php?rest_route=%2Fwp%2Fv2%2Fcomments&post=15"}],"version-history":[{"count":19,"href":"https:\/\/stimmlos-gap.de\/index.php?rest_route=\/wp\/v2\/pages\/15\/revisions"}],"predecessor-version":[{"id":320,"href":"https:\/\/stimmlos-gap.de\/index.php?rest_route=\/wp\/v2\/pages\/15\/revisions\/320"}],"wp:attachment":[{"href":"https:\/\/stimmlos-gap.de\/index.php?rest_route=%2Fwp%2Fv2%2Fmedia&parent=15"}],"curies":[{"name":"wp","href":"https:\/\/api.w.org\/{rel}","templated":true}]}}