{"id":240,"date":"2018-10-08T12:12:42","date_gmt":"2018-10-08T12:12:42","guid":{"rendered":"http:\/\/stimmlos-gap.de\/?page_id=240"},"modified":"2018-10-12T08:15:21","modified_gmt":"2018-10-12T08:15:21","slug":"berichte","status":"publish","type":"page","link":"https:\/\/stimmlos-gap.de\/?page_id=240","title":{"rendered":"Berichte"},"content":{"rendered":"<p>Vom 8. \u2013 11. Oktober waren unsere U18-Wahl-Reporter unterwegs. Sie gingen mit den U18-Wahlergebnissen auf die Stra\u00dfe und wollten die Meinung der Passanten wissen.<br \/>\nInsgesamt haben Sie \u00fcber 500 Audio- und 50 Videointerviews gef\u00fchrt. Eine Auswahl ist hier zu h\u00f6ren und zu sehen.<\/p>\n<audio class=\"wp-audio-shortcode\" id=\"audio-240-1\" preload=\"none\" style=\"width: 100%;\" controls=\"controls\"><source type=\"audio\/mpeg\" src=\"https:\/\/stimmlos-gap.de\/wp-content\/uploads\/2018\/10\/U18_Wahlen_Audio_1_08_Oktober2018.mp3?_=1\" \/><a href=\"https:\/\/stimmlos-gap.de\/wp-content\/uploads\/2018\/10\/U18_Wahlen_Audio_1_08_Oktober2018.mp3\">https:\/\/stimmlos-gap.de\/wp-content\/uploads\/2018\/10\/U18_Wahlen_Audio_1_08_Oktober2018.mp3<\/a><\/audio>\n<p>&nbsp;<\/p>\n<audio class=\"wp-audio-shortcode\" id=\"audio-240-2\" preload=\"none\" style=\"width: 100%;\" controls=\"controls\"><source type=\"audio\/mpeg\" src=\"https:\/\/stimmlos-gap.de\/wp-content\/uploads\/2018\/10\/U18_Wahlen_Audio_2_08_Oktober2018.mp3?_=2\" \/><a href=\"https:\/\/stimmlos-gap.de\/wp-content\/uploads\/2018\/10\/U18_Wahlen_Audio_2_08_Oktober2018.mp3\">https:\/\/stimmlos-gap.de\/wp-content\/uploads\/2018\/10\/U18_Wahlen_Audio_2_08_Oktober2018.mp3<\/a><\/audio>\n<p>&nbsp;<\/p>\n<audio class=\"wp-audio-shortcode\" id=\"audio-240-3\" preload=\"none\" style=\"width: 100%;\" controls=\"controls\"><source type=\"audio\/mpeg\" src=\"https:\/\/stimmlos-gap.de\/wp-content\/uploads\/2018\/10\/U18_Wahlen_Audio_3_08_Oktober2018.mp3?_=3\" \/><a href=\"https:\/\/stimmlos-gap.de\/wp-content\/uploads\/2018\/10\/U18_Wahlen_Audio_3_08_Oktober2018.mp3\">https:\/\/stimmlos-gap.de\/wp-content\/uploads\/2018\/10\/U18_Wahlen_Audio_3_08_Oktober2018.mp3<\/a><\/audio>\n<p>&nbsp;<\/p>\n<p><iframe loading=\"lazy\" src=\"https:\/\/www.youtube.com\/embed\/sXG2XmclPL0\" width=\"560\" height=\"315\" frameborder=\"0\" allowfullscreen=\"allowfullscreen\"><\/iframe><\/p>\n<p><iframe loading=\"lazy\" src=\"https:\/\/www.youtube.com\/embed\/Se4aqV0EIvM\" width=\"560\" height=\"315\" frameborder=\"0\" allowfullscreen=\"allowfullscreen\"><\/iframe><\/p>\n<audio class=\"wp-audio-shortcode\" id=\"audio-240-4\" preload=\"none\" style=\"width: 100%;\" controls=\"controls\"><source type=\"audio\/mpeg\" src=\"https:\/\/stimmlos-gap.de\/wp-content\/uploads\/2018\/10\/U18_Wahlen_Audio_4_08_Oktober2018.mp3?_=4\" \/><a href=\"https:\/\/stimmlos-gap.de\/wp-content\/uploads\/2018\/10\/U18_Wahlen_Audio_4_08_Oktober2018.mp3\">https:\/\/stimmlos-gap.de\/wp-content\/uploads\/2018\/10\/U18_Wahlen_Audio_4_08_Oktober2018.mp3<\/a><\/audio>\n<p>&nbsp;<\/p>\n<audio class=\"wp-audio-shortcode\" id=\"audio-240-5\" preload=\"none\" style=\"width: 100%;\" controls=\"controls\"><source type=\"audio\/mpeg\" src=\"https:\/\/stimmlos-gap.de\/wp-content\/uploads\/2018\/10\/U18_Wahlen_Audio_5_08_Oktober2018.mp3?_=5\" \/><a href=\"https:\/\/stimmlos-gap.de\/wp-content\/uploads\/2018\/10\/U18_Wahlen_Audio_5_08_Oktober2018.mp3\">https:\/\/stimmlos-gap.de\/wp-content\/uploads\/2018\/10\/U18_Wahlen_Audio_5_08_Oktober2018.mp3<\/a><\/audio>\n<p>&nbsp;<\/p>\n<p><iframe loading=\"lazy\" src=\"https:\/\/www.youtube.com\/embed\/M7ber4Mdo2I\" width=\"560\" height=\"315\" frameborder=\"0\" allowfullscreen=\"allowfullscreen\"><\/iframe><\/p>\n<p><iframe loading=\"lazy\" src=\"https:\/\/www.youtube.com\/embed\/19O8p57mfa0\" width=\"560\" height=\"315\" frameborder=\"0\" allowfullscreen=\"allowfullscreen\"><\/iframe><\/p>\n<audio class=\"wp-audio-shortcode\" id=\"audio-240-6\" preload=\"none\" style=\"width: 100%;\" controls=\"controls\"><source type=\"audio\/mpeg\" src=\"https:\/\/stimmlos-gap.de\/wp-content\/uploads\/2018\/10\/U18_Wahlen_Audio_6_08_Oktober2018.mp3?_=6\" \/><a href=\"https:\/\/stimmlos-gap.de\/wp-content\/uploads\/2018\/10\/U18_Wahlen_Audio_6_08_Oktober2018.mp3\">https:\/\/stimmlos-gap.de\/wp-content\/uploads\/2018\/10\/U18_Wahlen_Audio_6_08_Oktober2018.mp3<\/a><\/audio>\n<p>&nbsp;<\/p>\n<audio class=\"wp-audio-shortcode\" id=\"audio-240-7\" preload=\"none\" style=\"width: 100%;\" controls=\"controls\"><source type=\"audio\/mpeg\" src=\"https:\/\/stimmlos-gap.de\/wp-content\/uploads\/2018\/10\/U18_Wahlen_Audio_7_08_Oktober2018.mp3?_=7\" \/><a href=\"https:\/\/stimmlos-gap.de\/wp-content\/uploads\/2018\/10\/U18_Wahlen_Audio_7_08_Oktober2018.mp3\">https:\/\/stimmlos-gap.de\/wp-content\/uploads\/2018\/10\/U18_Wahlen_Audio_7_08_Oktober2018.mp3<\/a><\/audio>\n<p>&nbsp;<\/p>\n<audio class=\"wp-audio-shortcode\" id=\"audio-240-8\" preload=\"none\" style=\"width: 100%;\" controls=\"controls\"><source type=\"audio\/mpeg\" src=\"https:\/\/stimmlos-gap.de\/wp-content\/uploads\/2018\/10\/U18_Wahlen_Audio_8_08_Oktober2018.mp3?_=8\" \/><a href=\"https:\/\/stimmlos-gap.de\/wp-content\/uploads\/2018\/10\/U18_Wahlen_Audio_8_08_Oktober2018.mp3\">https:\/\/stimmlos-gap.de\/wp-content\/uploads\/2018\/10\/U18_Wahlen_Audio_8_08_Oktober2018.mp3<\/a><\/audio>\n<p>&nbsp;<\/p>\n<p><iframe loading=\"lazy\" src=\"https:\/\/www.youtube.com\/embed\/odZa2uEdJqg\" width=\"560\" height=\"315\" frameborder=\"0\" allowfullscreen=\"allowfullscreen\"><\/iframe><\/p>\n<p><iframe loading=\"lazy\" src=\"https:\/\/www.youtube.com\/embed\/_E5QefVSwJs\" width=\"560\" height=\"315\" frameborder=\"0\" allowfullscreen=\"allowfullscreen\"><\/iframe><\/p>\n<audio class=\"wp-audio-shortcode\" id=\"audio-240-9\" preload=\"none\" style=\"width: 100%;\" controls=\"controls\"><source type=\"audio\/mpeg\" src=\"https:\/\/stimmlos-gap.de\/wp-content\/uploads\/2018\/10\/U18_Wahlen_Audio_9_08_Oktober2018.mp3?_=9\" \/><a href=\"https:\/\/stimmlos-gap.de\/wp-content\/uploads\/2018\/10\/U18_Wahlen_Audio_9_08_Oktober2018.mp3\">https:\/\/stimmlos-gap.de\/wp-content\/uploads\/2018\/10\/U18_Wahlen_Audio_9_08_Oktober2018.mp3<\/a><\/audio>\n<p>&nbsp;<\/p>\n<audio class=\"wp-audio-shortcode\" id=\"audio-240-10\" preload=\"none\" style=\"width: 100%;\" controls=\"controls\"><source type=\"audio\/mpeg\" src=\"https:\/\/stimmlos-gap.de\/wp-content\/uploads\/2018\/10\/U18_Wahlen_Audio_10_08_Oktober2018.mp3?_=10\" \/><a href=\"https:\/\/stimmlos-gap.de\/wp-content\/uploads\/2018\/10\/U18_Wahlen_Audio_10_08_Oktober2018.mp3\">https:\/\/stimmlos-gap.de\/wp-content\/uploads\/2018\/10\/U18_Wahlen_Audio_10_08_Oktober2018.mp3<\/a><\/audio>\n<p>&nbsp;<\/p>\n<audio class=\"wp-audio-shortcode\" id=\"audio-240-11\" preload=\"none\" style=\"width: 100%;\" controls=\"controls\"><source type=\"audio\/mpeg\" src=\"https:\/\/stimmlos-gap.de\/wp-content\/uploads\/2018\/10\/U18_Wahlen_Audio_11_08_Oktober2018.mp3?_=11\" \/><a href=\"https:\/\/stimmlos-gap.de\/wp-content\/uploads\/2018\/10\/U18_Wahlen_Audio_11_08_Oktober2018.mp3\">https:\/\/stimmlos-gap.de\/wp-content\/uploads\/2018\/10\/U18_Wahlen_Audio_11_08_Oktober2018.mp3<\/a><\/audio>\n<p>&nbsp;<\/p>\n<p><iframe loading=\"lazy\" src=\"https:\/\/www.youtube.com\/embed\/1YB9OmRVo5I\" width=\"560\" height=\"315\" frameborder=\"0\" allowfullscreen=\"allowfullscreen\"><\/iframe><\/p>\n<p><iframe loading=\"lazy\" src=\"https:\/\/www.youtube.com\/embed\/MO8SWUIknTU\" width=\"560\" height=\"315\" frameborder=\"0\" allowfullscreen=\"allowfullscreen\"><\/iframe><\/p>\n<audio class=\"wp-audio-shortcode\" id=\"audio-240-12\" preload=\"none\" style=\"width: 100%;\" controls=\"controls\"><source type=\"audio\/mpeg\" src=\"https:\/\/stimmlos-gap.de\/wp-content\/uploads\/2018\/10\/U18_Wahlen_Audio_12_08_Oktober2018.mp3?_=12\" \/><a href=\"https:\/\/stimmlos-gap.de\/wp-content\/uploads\/2018\/10\/U18_Wahlen_Audio_12_08_Oktober2018.mp3\">https:\/\/stimmlos-gap.de\/wp-content\/uploads\/2018\/10\/U18_Wahlen_Audio_12_08_Oktober2018.mp3<\/a><\/audio>\n<p>&nbsp;<\/p>\n<audio class=\"wp-audio-shortcode\" id=\"audio-240-13\" preload=\"none\" style=\"width: 100%;\" controls=\"controls\"><source type=\"audio\/mpeg\" src=\"https:\/\/stimmlos-gap.de\/wp-content\/uploads\/2018\/10\/U18_Wahlen_Audio_13_08_Oktober2018.mp3?_=13\" \/><a href=\"https:\/\/stimmlos-gap.de\/wp-content\/uploads\/2018\/10\/U18_Wahlen_Audio_13_08_Oktober2018.mp3\">https:\/\/stimmlos-gap.de\/wp-content\/uploads\/2018\/10\/U18_Wahlen_Audio_13_08_Oktober2018.mp3<\/a><\/audio>\n<p>&nbsp;<\/p>\n<audio class=\"wp-audio-shortcode\" id=\"audio-240-14\" preload=\"none\" style=\"width: 100%;\" controls=\"controls\"><source type=\"audio\/mpeg\" src=\"https:\/\/stimmlos-gap.de\/wp-content\/uploads\/2018\/10\/U18_Wahlen_Audio_14_08_Oktober2018.mp3?_=14\" \/><a href=\"https:\/\/stimmlos-gap.de\/wp-content\/uploads\/2018\/10\/U18_Wahlen_Audio_14_08_Oktober2018.mp3\">https:\/\/stimmlos-gap.de\/wp-content\/uploads\/2018\/10\/U18_Wahlen_Audio_14_08_Oktober2018.mp3<\/a><\/audio>\n<p>&nbsp;<\/p>\n<p><iframe loading=\"lazy\" src=\"https:\/\/www.youtube.com\/embed\/VrrKh1Bf-Lg\" width=\"560\" height=\"315\" frameborder=\"0\" allowfullscreen=\"allowfullscreen\"><\/iframe><\/p>\n<p><iframe loading=\"lazy\" src=\"https:\/\/www.youtube.com\/embed\/j8TDvhX_Sxk\" width=\"560\" height=\"315\" frameborder=\"0\" allowfullscreen=\"allowfullscreen\"><\/iframe><\/p>\n<p><iframe loading=\"lazy\" src=\"https:\/\/www.youtube.com\/embed\/_MdfxIpousc\" width=\"560\" height=\"315\" frameborder=\"0\" allowfullscreen=\"allowfullscreen\"><\/iframe><\/p>\n<audio class=\"wp-audio-shortcode\" id=\"audio-240-15\" preload=\"none\" style=\"width: 100%;\" controls=\"controls\"><source type=\"audio\/mpeg\" src=\"https:\/\/stimmlos-gap.de\/wp-content\/uploads\/2018\/10\/U18_Wahlen_Audio_15_08_Oktober2018.mp3?_=15\" \/><a href=\"https:\/\/stimmlos-gap.de\/wp-content\/uploads\/2018\/10\/U18_Wahlen_Audio_15_08_Oktober2018.mp3\">https:\/\/stimmlos-gap.de\/wp-content\/uploads\/2018\/10\/U18_Wahlen_Audio_15_08_Oktober2018.mp3<\/a><\/audio>\n<p>&nbsp;<\/p>\n<audio class=\"wp-audio-shortcode\" id=\"audio-240-16\" preload=\"none\" style=\"width: 100%;\" controls=\"controls\"><source type=\"audio\/mpeg\" src=\"https:\/\/stimmlos-gap.de\/wp-content\/uploads\/2018\/10\/U18_Wahlen_Audio_16_08_Oktober2018.mp3?_=16\" \/><a href=\"https:\/\/stimmlos-gap.de\/wp-content\/uploads\/2018\/10\/U18_Wahlen_Audio_16_08_Oktober2018.mp3\">https:\/\/stimmlos-gap.de\/wp-content\/uploads\/2018\/10\/U18_Wahlen_Audio_16_08_Oktober2018.mp3<\/a><\/audio>\n<p>&nbsp;<\/p>\n<audio class=\"wp-audio-shortcode\" id=\"audio-240-17\" preload=\"none\" style=\"width: 100%;\" controls=\"controls\"><source type=\"audio\/mpeg\" src=\"https:\/\/stimmlos-gap.de\/wp-content\/uploads\/2018\/10\/U18_Wahlen_Audio_17_08_Oktober2018.mp3?_=17\" \/><a href=\"https:\/\/stimmlos-gap.de\/wp-content\/uploads\/2018\/10\/U18_Wahlen_Audio_17_08_Oktober2018.mp3\">https:\/\/stimmlos-gap.de\/wp-content\/uploads\/2018\/10\/U18_Wahlen_Audio_17_08_Oktober2018.mp3<\/a><\/audio>\n<p>&nbsp;<\/p>\n<p><iframe loading=\"lazy\" src=\"https:\/\/www.youtube.com\/embed\/iR2SZBr8OO0\" width=\"560\" height=\"315\" frameborder=\"0\" allowfullscreen=\"allowfullscreen\"><\/iframe><\/p>\n<p><iframe loading=\"lazy\" src=\"https:\/\/www.youtube.com\/embed\/ezXKzdCrzCk\" width=\"560\" height=\"315\" frameborder=\"0\" allowfullscreen=\"allowfullscreen\"><\/iframe><\/p>\n<audio class=\"wp-audio-shortcode\" id=\"audio-240-18\" preload=\"none\" style=\"width: 100%;\" controls=\"controls\"><source type=\"audio\/mpeg\" src=\"https:\/\/stimmlos-gap.de\/wp-content\/uploads\/2018\/10\/U18_Wahlen_Audio_18_08_Oktober2018.mp3?_=18\" \/><a href=\"https:\/\/stimmlos-gap.de\/wp-content\/uploads\/2018\/10\/U18_Wahlen_Audio_18_08_Oktober2018.mp3\">https:\/\/stimmlos-gap.de\/wp-content\/uploads\/2018\/10\/U18_Wahlen_Audio_18_08_Oktober2018.mp3<\/a><\/audio>\n<p>&nbsp;<\/p>\n<audio class=\"wp-audio-shortcode\" id=\"audio-240-19\" preload=\"none\" style=\"width: 100%;\" controls=\"controls\"><source type=\"audio\/mpeg\" src=\"https:\/\/stimmlos-gap.de\/wp-content\/uploads\/2018\/10\/U18_Wahlen_Audio_19_08_Oktober2018.mp3?_=19\" \/><a href=\"https:\/\/stimmlos-gap.de\/wp-content\/uploads\/2018\/10\/U18_Wahlen_Audio_19_08_Oktober2018.mp3\">https:\/\/stimmlos-gap.de\/wp-content\/uploads\/2018\/10\/U18_Wahlen_Audio_19_08_Oktober2018.mp3<\/a><\/audio>\n<p>&nbsp;<\/p>\n<p><iframe loading=\"lazy\" src=\"https:\/\/www.youtube.com\/embed\/kV4AiRUtxPY\" width=\"560\" height=\"315\" frameborder=\"0\" allowfullscreen=\"allowfullscreen\"><\/iframe><\/p>\n<p><iframe loading=\"lazy\" src=\"https:\/\/www.youtube.com\/embed\/9FJxlHNjTHc\" width=\"560\" height=\"315\" frameborder=\"0\" allowfullscreen=\"allowfullscreen\"><\/iframe><\/p>\n<audio class=\"wp-audio-shortcode\" id=\"audio-240-20\" preload=\"none\" style=\"width: 100%;\" controls=\"controls\"><source type=\"audio\/mpeg\" src=\"https:\/\/stimmlos-gap.de\/wp-content\/uploads\/2018\/10\/U18_Wahlen_Audio_20_08_Oktober2018.mp3?_=20\" \/><a href=\"https:\/\/stimmlos-gap.de\/wp-content\/uploads\/2018\/10\/U18_Wahlen_Audio_20_08_Oktober2018.mp3\">https:\/\/stimmlos-gap.de\/wp-content\/uploads\/2018\/10\/U18_Wahlen_Audio_20_08_Oktober2018.mp3<\/a><\/audio>\n<p>&nbsp;<\/p>\n<audio class=\"wp-audio-shortcode\" id=\"audio-240-21\" preload=\"none\" style=\"width: 100%;\" controls=\"controls\"><source type=\"audio\/mpeg\" src=\"https:\/\/stimmlos-gap.de\/wp-content\/uploads\/2018\/10\/U18_Wahlen_Audio_21_08_Oktober2018.mp3?_=21\" \/><a href=\"https:\/\/stimmlos-gap.de\/wp-content\/uploads\/2018\/10\/U18_Wahlen_Audio_21_08_Oktober2018.mp3\">https:\/\/stimmlos-gap.de\/wp-content\/uploads\/2018\/10\/U18_Wahlen_Audio_21_08_Oktober2018.mp3<\/a><\/audio>\n","protected":false},"excerpt":{"rendered":"<p>Vom 8. \u2013 11. Oktober waren unsere U18-Wahl-Reporter unterwegs. Sie gingen mit den U18-Wahlergebnissen auf die Stra\u00dfe und wollten die &hellip; <a href=\"https:\/\/stimmlos-gap.de\/?page_id=240\" class=\"more-link\">Continue reading <span class=\"screen-reader-text\">Berichte<\/span><\/a><\/p>\n","protected":false},"author":1,"featured_media":0,"parent":0,"menu_order":0,"comment_status":"closed","ping_status":"closed","template":"","meta":{"footnotes":""},"class_list":["post-240","page","type-page","status-publish","hentry"],"_links":{"self":[{"href":"https:\/\/stimmlos-gap.de\/index.php?rest_route=\/wp\/v2\/pages\/240","targetHints":{"allow":["GET"]}}],"collection":[{"href":"https:\/\/stimmlos-gap.de\/index.php?rest_route=\/wp\/v2\/pages"}],"about":[{"href":"https:\/\/stimmlos-gap.de\/index.php?rest_route=\/wp\/v2\/types\/page"}],"author":[{"embeddable":true,"href":"https:\/\/stimmlos-gap.de\/index.php?rest_route=\/wp\/v2\/users\/1"}],"replies":[{"embeddable":true,"href":"https:\/\/stimmlos-gap.de\/index.php?rest_route=%2Fwp%2Fv2%2Fcomments&post=240"}],"version-history":[{"count":41,"href":"https:\/\/stimmlos-gap.de\/index.php?rest_route=\/wp\/v2\/pages\/240\/revisions"}],"predecessor-version":[{"id":371,"href":"https:\/\/stimmlos-gap.de\/index.php?rest_route=\/wp\/v2\/pages\/240\/revisions\/371"}],"wp:attachment":[{"href":"https:\/\/stimmlos-gap.de\/index.php?rest_route=%2Fwp%2Fv2%2Fmedia&parent=240"}],"curies":[{"name":"wp","href":"https:\/\/api.w.org\/{rel}","templated":true}]}}