{"id":377,"date":"2019-04-18T11:10:44","date_gmt":"2019-04-18T11:10:44","guid":{"rendered":"http:\/\/stimmlos-gap.de\/?page_id=377"},"modified":"2019-05-13T15:22:19","modified_gmt":"2019-05-13T15:22:19","slug":"europawahl-2019","status":"publish","type":"page","link":"https:\/\/stimmlos-gap.de\/?page_id=377","title":{"rendered":"EUROPAWAHL 2019"},"content":{"rendered":"\n<p>Im Mai 2019 wird das Europ\u00e4ische Parlament gew\u00e4hlt. Die Jugendarbeit in Bayern zeigt mit ihren Positionierungen eine klare Haltung und unterst\u00fctzt junge Menschen mit Angeboten zur politischen Bildung dabei, sich im Vorfeld der Wahl eine eigene Meinung zu bilden. <\/p>\n\n\n\n<h2 class=\"wp-block-heading\">U18-Wahl in Bayern<\/h2>\n\n\n\n<p>Unter dem Slogan wahl?weise!jung. stellt der BJR Materialien und Instrumente zur Demokratiebildung zur Verf\u00fcgung. Beispielsweise koordiniert er die U18-Wahl f\u00fcr alle unter 18 Jahren. Am 17. Mai 2019, neun Tage vor den Europawahlen, sind alle Kinder und Jugendlichen aufgerufen, ihrer Stimme Ausdruck zu verleihen. <a href=\"https:\/\/www.bjr.de\/themen\/partizipation-und-demokratie\/wahlen\/u18-wahl\/so-funktionierts.html\" target=\"_blank\" rel=\"noreferrer noopener\" aria-label=\" (\u00f6ffnet in neuem Tab)\">mehr<\/a><\/p>\n\n\n\n<figure class=\"wp-block-image\"><img loading=\"lazy\" decoding=\"async\" width=\"707\" height=\"500\" src=\"https:\/\/stimmlos-gap.de\/wp-content\/uploads\/2019\/04\/stimmlos_eu_19_500.gif\" alt=\"\" class=\"wp-image-384\"\/><\/figure>\n\n\n\n<p>Unser Wahllokal ist bei der Gesch\u00e4ftsstelle des KJR Garmisch-Partenkirchen in der Bahnhofstr. 16 in 82467 Garmisch-Partenkirchen  und hat von 08:00 bis 14:00 Uhr ge\u00f6ffnet.<\/p>\n\n\n\n<h2 class=\"wp-block-heading\">Alle Info&#8217;s zur U18 Europawahl<\/h2>\n\n\n\n<p>Alle Info&#8217;s zur U18 Europawahl 2019, u.a. die U18-Wahllokale sind auf der Homepage von u18.org zu finden:<br><br><a rel=\"noreferrer noopener\" aria-label=\" (\u00f6ffnet in neuem Tab)\" href=\"https:\/\/www.u18.org\/europawahl-2019\/wahllokale\" target=\"_blank\">https:\/\/www.u18.org\/europawahl-2019\/<\/a><\/p>\n\n\n\n<figure class=\"wp-block-image\"><img loading=\"lazy\" decoding=\"async\" width=\"1024\" height=\"474\" src=\"https:\/\/stimmlos-gap.de\/wp-content\/uploads\/2019\/04\/u18_1200-1024x474.jpg\" alt=\"U18 Europawahl\" class=\"wp-image-388\" srcset=\"https:\/\/stimmlos-gap.de\/wp-content\/uploads\/2019\/04\/u18_1200-1024x474.jpg 1024w, https:\/\/stimmlos-gap.de\/wp-content\/uploads\/2019\/04\/u18_1200-300x139.jpg 300w, https:\/\/stimmlos-gap.de\/wp-content\/uploads\/2019\/04\/u18_1200-768x355.jpg 768w, https:\/\/stimmlos-gap.de\/wp-content\/uploads\/2019\/04\/u18_1200.jpg 1200w\" sizes=\"auto, (max-width: 1024px) 100vw, 1024px\" \/><\/figure>\n","protected":false},"excerpt":{"rendered":"<p>Im Mai 2019 wird das Europ\u00e4ische Parlament gew\u00e4hlt. Die Jugendarbeit in Bayern zeigt mit ihren Positionierungen eine klare Haltung und &hellip; <a href=\"https:\/\/stimmlos-gap.de\/?page_id=377\" class=\"more-link\">Continue reading <span class=\"screen-reader-text\">EUROPAWAHL 2019<\/span><\/a><\/p>\n","protected":false},"author":1,"featured_media":0,"parent":0,"menu_order":0,"comment_status":"closed","ping_status":"closed","template":"","meta":{"footnotes":""},"class_list":["post-377","page","type-page","status-publish","hentry"],"_links":{"self":[{"href":"https:\/\/stimmlos-gap.de\/index.php?rest_route=\/wp\/v2\/pages\/377","targetHints":{"allow":["GET"]}}],"collection":[{"href":"https:\/\/stimmlos-gap.de\/index.php?rest_route=\/wp\/v2\/pages"}],"about":[{"href":"https:\/\/stimmlos-gap.de\/index.php?rest_route=\/wp\/v2\/types\/page"}],"author":[{"embeddable":true,"href":"https:\/\/stimmlos-gap.de\/index.php?rest_route=\/wp\/v2\/users\/1"}],"replies":[{"embeddable":true,"href":"https:\/\/stimmlos-gap.de\/index.php?rest_route=%2Fwp%2Fv2%2Fcomments&post=377"}],"version-history":[{"count":8,"href":"https:\/\/stimmlos-gap.de\/index.php?rest_route=\/wp\/v2\/pages\/377\/revisions"}],"predecessor-version":[{"id":400,"href":"https:\/\/stimmlos-gap.de\/index.php?rest_route=\/wp\/v2\/pages\/377\/revisions\/400"}],"wp:attachment":[{"href":"https:\/\/stimmlos-gap.de\/index.php?rest_route=%2Fwp%2Fv2%2Fmedia&parent=377"}],"curies":[{"name":"wp","href":"https:\/\/api.w.org\/{rel}","templated":true}]}}