{"id":405,"date":"2019-11-25T15:02:03","date_gmt":"2019-11-25T15:02:03","guid":{"rendered":"http:\/\/stimmlos-gap.de\/?page_id=405"},"modified":"2020-03-06T11:50:26","modified_gmt":"2020-03-06T11:50:26","slug":"kommunalwahl-2020","status":"publish","type":"page","link":"https:\/\/stimmlos-gap.de\/?page_id=405","title":{"rendered":"Kommunalwahl 2020"},"content":{"rendered":"\n<h3 class=\"wp-block-heading\">Material und Infos zu den U18-Wahlen<\/h3>\n\n\n\n<p>Hier findet ihr alles, was ihr f\u00fcr die Durchf\u00fchrung zur U18-Wahl zu den Kommunalwahlen 2020 braucht. <\/p>\n\n\n\n<figure class=\"wp-block-image\"><img decoding=\"async\" src=\"https:\/\/stimmlos-gap.de\/wp-content\/uploads\/2019\/11\/kommunalwahl2020_8_600.jpg\" alt=\"\" class=\"wp-image-418\"\/><\/figure>\n\n\n\n<p>-> zu den <a href=\"?page_id=545\">Ergebnissen U18-Kommunalwahl 2020<\/a><\/p>\n\n\n\n<h4 class=\"wp-block-heading\">Zur Vorbereitung auf die U18-Wahl<\/h4>\n\n\n\n<ul class=\"wp-block-list\"><li><a rel=\"noreferrer noopener\" aria-label=\" (\u00f6ffnet in neuem Tab)\" href=\"https:\/\/stimmlos-gap.de\/wp-content\/uploads\/2020\/01\/Workshop-Angebote_KJR.pdf\" target=\"_blank\">Workshop-Angebote<\/a> f\u00fcr Gemeinden, Schulen, etc.<\/li><li><a rel=\"noreferrer noopener\" aria-label=\"U18-Methodensammlung (\u00f6ffnet in neuem Tab)\" href=\"https:\/\/stimmlos-gap.de\/wp-content\/uploads\/2020\/01\/U18-Methodensammlung.pdf\" target=\"_blank\">U18-Methodensammlung<\/a><\/li><li><a href=\"https:\/\/stimmlos-gap.de\/wp-content\/uploads\/2020\/01\/BJR__Kommunalwahlen_2020_-_FINAL__15.1.2020_.mp4\">Erkl\u00e4rvideo Kommunalwahl BJR<\/a><\/li><\/ul>\n\n\n\n<h4 class=\"wp-block-heading\">Zur Durchf\u00fchrung der U18-Wahl<\/h4>\n\n\n\n<ul class=\"wp-block-list\"><li><a rel=\"noreferrer noopener\" href=\"https:\/\/stimmlos-gap.de\/wp-content\/uploads\/2020\/01\/u18-plakat.pdf\" target=\"_blank\">Plakat Wahllokal<\/a><\/li><li><a href=\"https:\/\/stimmlos-gap.de\/wp-content\/uploads\/2020\/02\/Stimmzettel_Landrat_2020.pdf\">Stimmzettel zur Wahl Landrat\/Landr\u00e4tin<\/a> <\/li><li><a href=\"https:\/\/stimmlos-gap.de\/wp-content\/uploads\/2020\/02\/Stimmzettel_Kreistag_2020.pdf\">Stimmzettel zur Wahl Kreistags<\/a> (nur Liste)<\/li><li><a href=\"https:\/\/stimmlos-gap.de\/wp-content\/uploads\/2020\/02\/Stimmzettel_Erste_r_Bu\u0308rgermeister_in.docx\">Stimmzettel zur Wahl B\u00fcrgermeister\/in<\/a><\/li><li><a href=\"https:\/\/stimmlos-gap.de\/wp-content\/uploads\/2020\/02\/Stimmzettel_Erste_r_Bu\u0308rgermeister_in_-_nur_ein_gu\u0308ltiger_Wahlvorschlag.docx\">Stimmzettel Wahl B\u00fcrgermeister (nur ein\/e Kandidat\/in)<\/a><\/li><li><a href=\"https:\/\/stimmlos-gap.de\/wp-content\/uploads\/2020\/02\/Stimmzettel_Gemeinderat_-_mehrere_Wahlvorschla\u0308ge.docx\">Stimmzettel Wahl Gemeinderat (max. 4 Listen)<\/a><\/li><li><a href=\"https:\/\/stimmlos-gap.de\/wp-content\/uploads\/2020\/02\/Stimmzettel_Gemeinderat_-_ab5_Wahlvorschla\u0308ge.docx\">Stimmzettel Wahl Gemeinderat (ab 5 Listen)<\/a><\/li><li><a href=\"https:\/\/stimmlos-gap.de\/wp-content\/uploads\/2020\/02\/U18_an_Schulen.pdf\">U18-Wahlen an Schulen<\/a><\/li><li><a href=\"https:\/\/stimmlos-gap.de\/wp-content\/uploads\/2020\/02\/U18_Wahlordnung.pdf\">U18-Wahlordnung f\u00fcr die Wahllokale<\/a><\/li><\/ul>\n\n\n\n<h4 class=\"wp-block-heading\">Steckbriefe Landratskandidaten<\/h4>\n\n\n\n<ul class=\"wp-block-list\"><li><a rel=\"noreferrer noopener\" aria-label=\" (\u00f6ffnet in neuem Tab)\" href=\"https:\/\/stimmlos-gap.de\/wp-content\/uploads\/2020\/02\/anton_speer.pdf\" target=\"_blank\">Anton Speer<\/a><\/li><li><a href=\"https:\/\/stimmlos-gap.de\/wp-content\/uploads\/2020\/02\/andre_goellrich.pdf\" target=\"_blank\" rel=\"noreferrer noopener\" aria-label=\" (\u00f6ffnet in neuem Tab)\">Andr\u00e9 G\u00f6llrich<\/a><\/li><li><a href=\"https:\/\/stimmlos-gap.de\/wp-content\/uploads\/2020\/02\/florian_lempert.pdf\" target=\"_blank\" rel=\"noreferrer noopener\" aria-label=\" (\u00f6ffnet in neuem Tab)\">Florian Lempert<\/a><\/li><\/ul>\n\n\n\n<hr>\n\n\n\n<h3 class=\"wp-block-heading\">Zur Login-Seite f\u00fcr Meldung der<br> <a rel=\"noreferrer noopener\" aria-label=\"Ergebnisse aus den U18-Wahllokalen (\u00f6ffnet in neuem Tab)\" href=\"http:\/\/kjr-gap.de\/anmelden.html\" target=\"_blank\">Ergebnisse aus den U18-Wahllokalen<\/a><\/h3>\n\n\n\n<hr>\n\n\n\n<h3 class=\"wp-block-heading\">Unsere U18-Wahllokale im Landkreis<\/h3>\n\n\n\n<p>Eine \u00dcbersicht aller gemeldeten Wahllokale im Landkreis kannst du <a href=\"https:\/\/www.bjr.de\/junggerecht\/sichtbar-und-aktiv-werden.html\">HIER<\/a> abrufen!<\/p>\n\n\n<style>#sp-ea-511 .spcollapsing { height: 0; overflow: hidden; transition-property: height;transition-duration: 500ms;}#sp-ea-511.sp-easy-accordion>.sp-ea-single {margin-bottom: 10px; border: 1px solid #e2e2e2; }#sp-ea-511.sp-easy-accordion>.sp-ea-single>.ea-header a {color: #444;}#sp-ea-511.sp-easy-accordion>.sp-ea-single>.sp-collapse>.ea-body {background: #fff; color: #444;}#sp-ea-511.sp-easy-accordion>.sp-ea-single {background: #eee;}#sp-ea-511.sp-easy-accordion>.sp-ea-single>.ea-header a .ea-expand-icon { float: left; color: #444;font-size: 16px;}<\/style><div id=\"sp_easy_accordion-1778842168\"><div id=\"sp-ea-511\" class=\"sp-ea-one sp-easy-accordion\" data-ea-active=\"ea-click\" data-ea-mode=\"vertical\" data-preloader=\"\" data-scroll-active-item=\"\" data-offset-to-scroll=\"0\"><div class=\"ea-card sp-ea-single\"><h3 class=\"ea-header\"><a class=\"collapsed\" id=\"ea-header-5110\" role=\"button\" data-sptoggle=\"spcollapse\" data-sptarget=\"#collapse5110\" aria-controls=\"collapse5110\" href=\"#\" aria-expanded=\"false\" tabindex=\"0\"><i aria-hidden=\"true\" role=\"presentation\" class=\"ea-expand-icon eap-icon-ea-expand-plus\"><\/i> Garmisch-Partenkirchen<\/a><\/h3><div class=\"sp-collapse spcollapse spcollapse\" id=\"collapse5110\" data-parent=\"#sp-ea-511\" role=\"region\" aria-labelledby=\"ea-header-5110\"> <div class=\"ea-body\"><div class=\"responsive-accordion-panel active\"><p><strong>Wirtschaftsschule Garmisch-Partenkirchen (nicht \u00f6ffentlich)<br \/><\/strong>Uhrzeit: 8:00 - 12:00<br \/>Gew\u00e4hlt wird<\/p><ul><li>Landrat<\/li><li>Kreistag (Liste)<\/li><\/ul><p><strong>Staatl. Berufsschule Garmisch-Partenkirchen (nicht \u00f6ffentlich)<br \/><\/strong>Uhrzeit: 8:00 - 12:00 Uhr (02. - 06.03.2020)<br \/>Gew\u00e4hlt wird<\/p><ul><li>Landrat<\/li><li>Kreistag (Liste)<\/li><\/ul><p><strong>Zugspitzrealschule Garmisch-Partenkirchen (nicht \u00f6ffentlich)<br \/><\/strong>Uhrzeit: Uhrzeit wird noch bekanntgegeben<br \/>Gew\u00e4hlt wird<\/p><ul><li>Landrat<\/li><li>Kreistag (Liste)<\/li><\/ul><p><strong>B\u00fcrgermeister-Sch\u00fctte-Mittelschule Garmisch-Partenkirchen (nicht \u00f6ffentlich)<br \/><\/strong>in Kooperation mit der kath. Jugendstelle des Dekanats Werdenfels und Rottenbuch<br \/>Uhrzeit: 8:00 - 13:00<br \/>Gew\u00e4hlt wird<\/p><ul><li>Landrat<\/li><li>Kreistag (Liste)<\/li><\/ul><p><strong>St. Irmengard-Schulen Garmisch-Partenkirchen (nicht \u00f6ffentlich)<br \/><\/strong>Uhrzeit: 8:00 - 12:00 (05.\/06.03.2020)<br \/>Gew\u00e4hlt wird<\/p><ul><li>Landrat<\/li><li>Kreistag (Liste)<\/li><\/ul><\/div><\/div><\/div><\/div><div class=\"ea-card sp-ea-single\"><h3 class=\"ea-header\"><a class=\"collapsed\" id=\"ea-header-5111\" role=\"button\" data-sptoggle=\"spcollapse\" data-sptarget=\"#collapse5111\" aria-controls=\"collapse5111\" href=\"#\" aria-expanded=\"false\" tabindex=\"0\"><i aria-hidden=\"true\" role=\"presentation\" class=\"ea-expand-icon eap-icon-ea-expand-plus\"><\/i> Mittenwald<\/a><\/h3><div class=\"sp-collapse spcollapse spcollapse\" id=\"collapse5111\" data-parent=\"#sp-ea-511\" role=\"region\" aria-labelledby=\"ea-header-5111\"> <div class=\"ea-body\"><div class=\"responsive-accordion-panel active\"><p><strong>Jugendraum Mittenwald (Eistadion)<\/strong><br \/>Uhrzeit: 16:00 - 18:00<br \/>Gew\u00e4hlt wird<\/p><ul><li>Landrat<\/li><li>Kreistag (Liste)<\/li><li>B\u00fcrgermeister<\/li><li>Gemeinderat<\/li><\/ul><p><strong>Mittelschule Mittenwald (nicht \u00f6ffentlich)<\/strong><br \/>Uhrzeit: w\u00e4hrend der Schulzeit<br \/>Gew\u00e4hlt wird<\/p><ul><li>Landrat<\/li><li>Kreistag (Liste)<\/li><li>B\u00fcrgermeister<\/li><li>Gemeinderat<\/li><\/ul><\/div><\/div><\/div><\/div><div class=\"ea-card sp-ea-single\"><h3 class=\"ea-header\"><a class=\"collapsed\" id=\"ea-header-5112\" role=\"button\" data-sptoggle=\"spcollapse\" data-sptarget=\"#collapse5112\" aria-controls=\"collapse5112\" href=\"#\" aria-expanded=\"false\" tabindex=\"0\"><i aria-hidden=\"true\" role=\"presentation\" class=\"ea-expand-icon eap-icon-ea-expand-plus\"><\/i> Murnau<\/a><\/h3><div class=\"sp-collapse spcollapse spcollapse\" id=\"collapse5112\" data-parent=\"#sp-ea-511\" role=\"region\" aria-labelledby=\"ea-header-5112\"> <div class=\"ea-body\"><p><strong>Christoph-Probst-Mittelschule Murnau (nicht \u00f6ffentlich)<\/strong><br \/>Uhrzeit: 8:30 - 13:00<br \/>Gew\u00e4hlt wird<\/p><ul><li>Landrat<\/li><li>Kreistag (Liste)<\/li><li>B\u00fcrgermeister<\/li><\/ul><p>\u00a0<\/p><p><strong>Realschule im Blauen Land Murnau (nicht \u00f6ffentlich)<\/strong><br \/>Uhrzeit: 8:00 - 12:00<br \/>Gew\u00e4hlt wird<\/p><ul><li>Landrat<\/li><li>Kreistag (Liste)<\/li><li>B\u00fcrgermeister<\/li><\/ul><p>\u00a0<\/p><p><strong>Staffelsee-Gymnasium Murnau (nicht \u00f6ffentlich)<\/strong><br \/>Uhrzeit: 8:00 - 12:00<br \/>Gew\u00e4hlt wird<\/p><ul><li>Landrat<\/li><li>Kreistag (Liste)<\/li><li>B\u00fcrgermeister<\/li><\/ul><\/div><\/div><\/div><div class=\"ea-card sp-ea-single\"><h3 class=\"ea-header\"><a class=\"collapsed\" id=\"ea-header-5113\" role=\"button\" data-sptoggle=\"spcollapse\" data-sptarget=\"#collapse5113\" aria-controls=\"collapse5113\" href=\"#\" aria-expanded=\"false\" tabindex=\"0\"><i aria-hidden=\"true\" role=\"presentation\" class=\"ea-expand-icon eap-icon-ea-expand-plus\"><\/i> Oberammergau<\/a><\/h3><div class=\"sp-collapse spcollapse spcollapse\" id=\"collapse5113\" data-parent=\"#sp-ea-511\" role=\"region\" aria-labelledby=\"ea-header-5113\"> <div class=\"ea-body\"><p><strong>Grund- und Mittelschule (nicht \u00f6ffentlich)<\/strong><br \/>Uhrzeit: 8:00 - 13:00<br \/>Gew\u00e4hlt wird<\/p><ul><li>Landrat<\/li><li>Kreistag (Liste)<\/li><\/ul><p>\u00a0<\/p><p><strong>Jugendtreff<\/strong><br \/>Uhrzeit: 15:00 - 18:00<br \/>Gew\u00e4hlt wird<\/p><ul><li>Landrat<\/li><li>Kreistag (Liste)<\/li><\/ul><p>im Anschluss daran <strong>Wahlparty<\/strong> im Jugendtreff bis ca. <strong>20:00 Uhr<\/strong><\/p><\/div><\/div><\/div><div class=\"ea-card sp-ea-single\"><h3 class=\"ea-header\"><a class=\"collapsed\" id=\"ea-header-5114\" role=\"button\" data-sptoggle=\"spcollapse\" data-sptarget=\"#collapse5114\" aria-controls=\"collapse5114\" href=\"#\" aria-expanded=\"false\" tabindex=\"0\"><i aria-hidden=\"true\" role=\"presentation\" class=\"ea-expand-icon eap-icon-ea-expand-plus\"><\/i> Oberau<\/a><\/h3><div class=\"sp-collapse spcollapse spcollapse\" id=\"collapse5114\" data-parent=\"#sp-ea-511\" role=\"region\" aria-labelledby=\"ea-header-5114\"> <div class=\"ea-body\"><p><strong>Mittelschule (nicht \u00f6ffentlich)<\/strong><br \/>Uhrzeit: 8:00 - 12:00<br \/>Gew\u00e4hlt wird<\/p><ul><li>Landrat<\/li><li>Kreistag (Liste)<\/li><\/ul><\/div><\/div><\/div><div class=\"ea-card sp-ea-single\"><h3 class=\"ea-header\"><a class=\"collapsed\" id=\"ea-header-5115\" role=\"button\" data-sptoggle=\"spcollapse\" data-sptarget=\"#collapse5115\" aria-controls=\"collapse5115\" href=\"#\" aria-expanded=\"false\" tabindex=\"0\"><i aria-hidden=\"true\" role=\"presentation\" class=\"ea-expand-icon eap-icon-ea-expand-plus\"><\/i> Unterammergau<\/a><\/h3><div class=\"sp-collapse spcollapse spcollapse\" id=\"collapse5115\" data-parent=\"#sp-ea-511\" role=\"region\" aria-labelledby=\"ea-header-5115\"> <div class=\"ea-body\"><p><strong>Gemeinde Unterammergau <\/strong><br \/>Uhrzeit: 16:00 - 18:00 Uhr (Rathaus 1. Stock)<br \/>Gew\u00e4hlt wird<\/p><ul><li>Landrat<\/li><li>Kreistag (Liste)<\/li><li>B\u00fcrgermeister<\/li><li>Gemeinderat<\/li><\/ul><\/div><\/div><\/div><div class=\"ea-card sp-ea-single\"><h3 class=\"ea-header\"><a class=\"collapsed\" id=\"ea-header-5116\" role=\"button\" data-sptoggle=\"spcollapse\" data-sptarget=\"#collapse5116\" aria-controls=\"collapse5116\" href=\"#\" aria-expanded=\"false\" tabindex=\"0\"><i aria-hidden=\"true\" role=\"presentation\" class=\"ea-expand-icon eap-icon-ea-expand-plus\"><\/i> \u00dcberregional<\/a><\/h3><div class=\"sp-collapse spcollapse spcollapse\" id=\"collapse5116\" data-parent=\"#sp-ea-511\" role=\"region\" aria-labelledby=\"ea-header-5116\"> <div class=\"ea-body\"><p><strong>Berufsschule Weilheim<\/strong><br \/>Uhrzeit: 8:00 - 13:00<br \/>Gew\u00e4hlt wird<\/p><ul><li>Landrat<\/li><li>Kreistag (Liste)<\/li><\/ul><p><strong>Berufsschule Schongau<\/strong><br \/>Uhrzeit: 8:00 - 13:00<br \/>Gew\u00e4hlt wird<\/p><ul><li>Landrat<\/li><li>Kreistag (Liste)<\/li><\/ul><\/div><\/div><\/div><\/div><\/div>\n\n\n\n<h3 class=\"wp-block-heading\">Kommunalwahl in Bayern: Wie wird gew\u00e4hlt?<\/h3>\n\n\n\n<p>Auf der Seite von br24 gibt es ausf\u00fchrliche Informationen zu den Kommunalwahlen:<\/p>\n\n\n\n<ul class=\"wp-block-list\"><li><a rel=\"noreferrer noopener\" aria-label=\"Wie wird gew\u00e4hlt? (\u00f6ffnet in neuem Tab)\" href=\"https:\/\/www.br.de\/nachrichten\/bayern\/kommunalwahlen-in-bayern-kompliziert-aber-waehlerfreundlich,RVF9YsF\" target=\"_blank\">Wie wird gew\u00e4hlt?<\/a><\/li><li><a rel=\"noreferrer noopener\" aria-label=\"FAQ zur bayerischen Kommunalwahl (\u00f6ffnet in neuem Tab)\" href=\"https:\/\/www.br.de\/nachrichten\/bayern\/faq-zur-bayerischen-kommunalwahl-ihre-fragen-unsere-antworten,RVuEK0q\" target=\"_blank\">FAQ zur bayerischen Kommunalwahl<\/a><\/li><li><a rel=\"noreferrer noopener\" aria-label=\"Der Fahrplan bis zum 15. M\u00e4rz 2020 (\u00f6ffnet in neuem Tab)\" href=\"https:\/\/www.br.de\/nachrichten\/bayern\/kommunalwahl-in-bayern-der-fahrplan-bis-zum-15-maerz-2020,RVzJqeN\" target=\"_blank\">Der Fahrplan bis zum 15. M\u00e4rz 2020<\/a><\/li><li><a rel=\"noreferrer noopener\" aria-label=\"Wie wird man Kandidat f\u00fcr die Kommunalwahl? (\u00f6ffnet in neuem Tab)\" href=\"https:\/\/www.br.de\/nachrichten\/bayern\/wie-wird-man-kandidat-fuer-die-kommunalwahl,RWYnKmG\" target=\"_blank\">Wie wird man Kandidat f\u00fcr die Kommunalwahl?<\/a><\/li><\/ul>\n\n\n\n<p><\/p>\n","protected":false},"excerpt":{"rendered":"<p>Material und Infos zu den U18-Wahlen Hier findet ihr alles, was ihr f\u00fcr die Durchf\u00fchrung zur U18-Wahl zu den Kommunalwahlen &hellip; <a href=\"https:\/\/stimmlos-gap.de\/?page_id=405\" class=\"more-link\">Continue reading <span class=\"screen-reader-text\">Kommunalwahl 2020<\/span><\/a><\/p>\n","protected":false},"author":1,"featured_media":0,"parent":0,"menu_order":0,"comment_status":"closed","ping_status":"closed","template":"","meta":{"footnotes":""},"class_list":["post-405","page","type-page","status-publish","hentry"],"_links":{"self":[{"href":"https:\/\/stimmlos-gap.de\/index.php?rest_route=\/wp\/v2\/pages\/405","targetHints":{"allow":["GET"]}}],"collection":[{"href":"https:\/\/stimmlos-gap.de\/index.php?rest_route=\/wp\/v2\/pages"}],"about":[{"href":"https:\/\/stimmlos-gap.de\/index.php?rest_route=\/wp\/v2\/types\/page"}],"author":[{"embeddable":true,"href":"https:\/\/stimmlos-gap.de\/index.php?rest_route=\/wp\/v2\/users\/1"}],"replies":[{"embeddable":true,"href":"https:\/\/stimmlos-gap.de\/index.php?rest_route=%2Fwp%2Fv2%2Fcomments&post=405"}],"version-history":[{"count":48,"href":"https:\/\/stimmlos-gap.de\/index.php?rest_route=\/wp\/v2\/pages\/405\/revisions"}],"predecessor-version":[{"id":560,"href":"https:\/\/stimmlos-gap.de\/index.php?rest_route=\/wp\/v2\/pages\/405\/revisions\/560"}],"wp:attachment":[{"href":"https:\/\/stimmlos-gap.de\/index.php?rest_route=%2Fwp%2Fv2%2Fmedia&parent=405"}],"curies":[{"name":"wp","href":"https:\/\/api.w.org\/{rel}","templated":true}]}}