{"id":606,"date":"2021-06-17T05:59:32","date_gmt":"2021-06-17T05:59:32","guid":{"rendered":"https:\/\/stimmlos-gap.de\/?page_id=606"},"modified":"2021-09-17T12:13:10","modified_gmt":"2021-09-17T12:13:10","slug":"u18-bundestag-2021","status":"publish","type":"page","link":"https:\/\/stimmlos-gap.de\/?page_id=606","title":{"rendered":"U18 Bundestag 2021"},"content":{"rendered":"\n<h3 class=\"wp-block-heading\">So kannst Du bei U18 w\u00e4hlen:<\/h3>\n\n\n\n<p>Pandemiebedingt werden die Wahlen 2021 m\u00f6glichst sicher und konform den geltenden Schutz- und Hygienebestimmungen angeboten. Deshalb haben wir beschlossen, die U18-Wahl dieses mal ausschlie\u00dflich als Briefwahl durchzuf\u00fchren. Um dies umsetzen zu k\u00f6nnen sind wir auf eine intensive Zusammenarbeit mit den Gemeinden angewiesen. <\/p>\n\n\n\n<p>Alle 11 &#8211; 17-J\u00e4hrigen bekommen von Ihrer Gemeinde, die sich an den U18-Wahlen beteiligen, die Briefwahlunterlagen nach Hause geschickt. Dort hast Du gen\u00fcgend Zeit Dir Gedanken zur Wahl zu machen, Wahlprogramme und Forderungen der einzelnen Parteien zu vergleichen und dann schlu\u00dfendlich Deine Stimmen abzugeben. Du hast <strong>2 Stimmen<\/strong> &#8211; also maximal <strong>2 Kreuze<\/strong> <strong>auf Deinem Stimmzettel<\/strong>!<\/p>\n\n\n\n<p>Infos zu den Wahlprogrammen und Parteien kannst Du Dir beim Bayerischen Jugendring holen. Einfach <a href=\"https:\/\/www.bjr.de\/themen\/partizipation-und-demokratie\/wahlen\/\" data-type=\"URL\" data-id=\"https:\/\/www.bjr.de\/themen\/partizipation-und-demokratie\/wahlen\/\" target=\"_blank\" rel=\"noreferrer noopener\">HIER<\/a> drauf klicken&#8230;<\/p>\n\n\n\n<h3 class=\"wp-block-heading\">Hier kannst Du deine Briefwahlunterlagen abgeben:<\/h3>\n\n\n\n<p>Hier eine \u00dcbersicht, wo Du in Deiner Gemeinde die Briefwahlunterlagen abgeben kannst:<\/p>\n\n\n\n<div class=\"wp-block-columns is-layout-flex wp-container-core-columns-is-layout-9d6595d7 wp-block-columns-is-layout-flex\">\n<div class=\"wp-block-column is-layout-flow wp-block-column-is-layout-flow\" style=\"flex-basis:100%\">\n<div class=\"wp-block-group\"><div class=\"wp-block-group__inner-container is-layout-flow wp-block-group-is-layout-flow\">\n<div class=\"wp-block-columns is-layout-flex wp-container-core-columns-is-layout-9d6595d7 wp-block-columns-is-layout-flex\">\n<div class=\"wp-block-column is-layout-flow wp-block-column-is-layout-flow\" style=\"flex-basis:100%\">\n<div class=\"wp-block-group\"><div class=\"wp-block-group__inner-container is-layout-flow wp-block-group-is-layout-flow\">\n<figure class=\"wp-block-table is-style-stripes\"><table  class=\"has-background table table-hover\"  style=\"background-color:#e9fbe5\"><tbody><tr><td><strong>Gemeinde<\/strong><\/td><td><strong>Abgabe<\/strong><\/td><td><strong>Wo<\/strong><\/td><\/tr><tr><td>Bad Bayersoien<\/td><td>Rathaus<\/td><td>Wahlurne<\/td><\/tr><tr><td>Ettal\/Graswang<\/td><td>Rathaus<\/td><td>Wahlurne<\/td><\/tr><tr><td>Farchant<\/td><td>Rathaus<\/td><td>Wahlurne<\/td><\/tr><tr><td>Garmisch-Partenkirchen<\/td><td>Wirtschaftsschule<\/td><td>Wahlurne<\/td><\/tr><tr><td><\/td><td>Jugendzentrum GAP<\/td><td>Wahlurne<\/td><\/tr><tr><td><\/td><td>Kreisjugendring <\/td><td>Wahlurne <\/td><\/tr><tr><td>Grafenaschau\/Schwaigen<\/td><td>Rathaus<\/td><td>Wahlurne<\/td><\/tr><tr><td>Grainau<\/td><td>Rathaus<\/td><td>Wahlurne<\/td><\/tr><tr><td>Gro\u00dfweil<\/td><td>Rathaus<\/td><td>Wahlurne<\/td><\/tr><tr><td>Mittenwald<\/td><td>Jugendraum<\/td><td>Wahlurne<\/td><\/tr><tr><td><\/td><td>Grund- und Mittelschule<\/td><td>Wahlurne<\/td><\/tr><tr><td>Murnau<\/td><td>Erlhaus<\/td><td>Wahlurne<\/td><\/tr><tr><td>Oberammergau<\/td><td>Jugendtreff<\/td><td>Wahlurne<\/td><\/tr><tr><td><\/td><td>Grund- und Mittelschule<\/td><td>Wahlurne<\/td><\/tr><tr><td>Oberau<\/td><td>Rathaus und Schule<\/td><td>Wahlurne<\/td><\/tr><tr><td>Ohlstadt<\/td><td>Rathaus<\/td><td>Wahlurne <\/td><\/tr><tr><td>Saulgrub<\/td><td>Rathaus<\/td><td>Wahlurne<\/td><\/tr><tr><td>Seehausen<\/td><td>Rathaus<\/td><td>Wahlurne <\/td><\/tr><tr><td>Uffing<\/td><td>Rathaus<\/td><td>Wahlurne <\/td><\/tr><tr><td>Unterammergau<\/td><td>Rathaus<\/td><td>Wahlurne<\/td><\/tr><tr><td>Wallgau<\/td><td>Rathaus<\/td><td>Wahlurne <\/td><\/tr><tr><td>Bad Kolgrub <\/td><td>Grund- und Mittelschule <\/td><td>Wahlurne <\/td><\/tr><tr><td><\/td><td>Haus des Gastes <\/td><td>Wahlurne <\/td><\/tr><\/tbody><\/table><figcaption>Wahllokale im Landkreis Garmisch-Partenkirchen<\/figcaption><\/figure>\n<\/div><\/div>\n<\/div>\n<\/div>\n<\/div><\/div>\n<\/div>\n<\/div>\n\n\n\n<p>Wo genau Du deine Unterlagen abgeben kannst, ob in einer Wahlurne oder dem Gemeindebriefkasten und wo diese sind, steht im Anschreiben, das Du mit Deinem Stimmzettel bekommst. <\/p>\n\n\n\n<h3 class=\"wp-block-heading\">Du hast keine Unterlagen bekommen?<\/h3>\n\n\n\n<p>Du kannst deine Briefwahlunterlagen bei uns anfordern, wir schicken Dir diese dann zu:<\/p>\n\n\n\n<div class=\"wp-block-columns is-layout-flex wp-container-core-columns-is-layout-9d6595d7 wp-block-columns-is-layout-flex\">\n<div class=\"wp-block-column is-layout-flow wp-block-column-is-layout-flow\">\n<p>Kommunale Jugendarbeit Garmisch-Partenkirchen<br>Bahnhofstr. 16<br>82467 Garmisch-Partenkirchen<br>Tel.: 08821 751 -390 oder -387<br>E-Mail: koja@lra-gap.de<\/p>\n<\/div>\n\n\n\n<div class=\"wp-block-column is-layout-flow wp-block-column-is-layout-flow\">\n<p>Kreisjugendring Garmisch-Partenkirchen<br>Bahnhofstr. 16<br>82467 Garmisch-Partenkirchen<br>Tel.: 08821 2577<br>E-Mail: info@kjr-gap.de<\/p>\n<\/div>\n<\/div>\n\n\n\n<h3 class=\"wp-block-heading\">Material zu den Bundestagswahlen<\/h3>\n\n\n\n<p>wie bei den vergangenen Wahlen auch, stellt der Bayerische Jugendring wieder eine Reihe an Materialien zur Verf\u00fcgung. Ihr k\u00f6nnt euch diese direkt \u00fcber den <a rel=\"noreferrer noopener\" href=\"https:\/\/shop.bjr.de\/search?sSearch=buTaWa&amp;p=1&amp;o=1\" target=\"_blank\">BJR-Webshop<\/a> oder aber \u00fcber die Regionalkoordination erfragen. Alle angemeldeten Wahllokale haben bereits ein umfassendes Materialpaket erhalten.<\/p>\n\n\n\n<p>Neu hinzu gekommen sind die <a href=\"https:\/\/stimmlos-gap.de\/wp-content\/uploads\/2021\/07\/Jugendpolitische-Forderungen_Bundestagswahl-2021.pdf\" target=\"_blank\" rel=\"noreferrer noopener\">Jugendpolitischen Forderungen<\/a> des BJR zur Bundestagswahl.<\/p>\n\n\n\n<h3 class=\"wp-block-heading\">Ver\u00f6ffentlichung der Wahlergebnisse<\/h3>\n\n\n\n<p>Nach Schlie\u00dfung der Wahllokale werden die Ergebnisse \u00fcber die U18-Wahlsoftware ver\u00f6ffentlicht. Die Ergebnisse werden ab der Schlie\u00dfung der Wahllokale (17. September 18:00 Uhr), sp\u00e4testens am 19. September bekannt gegeben. Im rechtlichen Sinn stellen die U18-Wahlen eine Meinungsumfrage dar, etwaige Diskrepanzen zwischen Umfrageergebnissen und dem tats\u00e4chlichen Ausgang der Wahl sind eine \u00fcbliche Erscheinung. Die Wahlumfrage ist durch das Grundrecht auf freie Meinungs\u00e4u\u00dferung gesch\u00fctzt. (Quelle: Wissenschaftlicher Dienst des Deutschen Bundestags, aufgerufen 07.01.2020)<\/p>\n","protected":false},"excerpt":{"rendered":"<p>So kannst Du bei U18 w\u00e4hlen: Pandemiebedingt werden die Wahlen 2021 m\u00f6glichst sicher und konform den geltenden Schutz- und Hygienebestimmungen &hellip; <a href=\"https:\/\/stimmlos-gap.de\/?page_id=606\" class=\"more-link\">Continue reading <span class=\"screen-reader-text\">U18 Bundestag 2021<\/span><\/a><\/p>\n","protected":false},"author":1,"featured_media":0,"parent":0,"menu_order":0,"comment_status":"closed","ping_status":"closed","template":"","meta":{"footnotes":""},"class_list":["post-606","page","type-page","status-publish","hentry"],"_links":{"self":[{"href":"https:\/\/stimmlos-gap.de\/index.php?rest_route=\/wp\/v2\/pages\/606","targetHints":{"allow":["GET"]}}],"collection":[{"href":"https:\/\/stimmlos-gap.de\/index.php?rest_route=\/wp\/v2\/pages"}],"about":[{"href":"https:\/\/stimmlos-gap.de\/index.php?rest_route=\/wp\/v2\/types\/page"}],"author":[{"embeddable":true,"href":"https:\/\/stimmlos-gap.de\/index.php?rest_route=\/wp\/v2\/users\/1"}],"replies":[{"embeddable":true,"href":"https:\/\/stimmlos-gap.de\/index.php?rest_route=%2Fwp%2Fv2%2Fcomments&post=606"}],"version-history":[{"count":18,"href":"https:\/\/stimmlos-gap.de\/index.php?rest_route=\/wp\/v2\/pages\/606\/revisions"}],"predecessor-version":[{"id":694,"href":"https:\/\/stimmlos-gap.de\/index.php?rest_route=\/wp\/v2\/pages\/606\/revisions\/694"}],"wp:attachment":[{"href":"https:\/\/stimmlos-gap.de\/index.php?rest_route=%2Fwp%2Fv2%2Fmedia&parent=606"}],"curies":[{"name":"wp","href":"https:\/\/api.w.org\/{rel}","templated":true}]}}