{"id":820,"date":"2026-01-16T09:54:03","date_gmt":"2026-01-16T09:54:03","guid":{"rendered":"https:\/\/stimmlos-gap.de\/?page_id=820"},"modified":"2026-02-05T11:13:43","modified_gmt":"2026-02-05T11:13:43","slug":"kommunalwahl-2026","status":"publish","type":"page","link":"https:\/\/stimmlos-gap.de\/?page_id=820","title":{"rendered":"Kommunalwahl 2026"},"content":{"rendered":"\n<div class=\"wp-block-media-text is-stacked-on-mobile\"><figure class=\"wp-block-media-text__media\"><img loading=\"lazy\" decoding=\"async\" width=\"1024\" height=\"565\" src=\"https:\/\/stimmlos-gap.de\/wp-content\/uploads\/2018\/07\/U18_Logo_72dpi_RGB_l-1024x565.jpg\" alt=\"U18 Logo\" class=\"wp-image-7 size-full\"\/><\/figure><div class=\"wp-block-media-text__content\">\n<p><strong>Demokratie-Bildung mit U18<\/strong><\/p>\n\n\n\n<p><strong>Die U18-Wahl ist eine Wahl f\u00fcr Kinder und Jugendliche.<\/strong><\/p>\n\n\n\n<p>Als Instrument der politisch-au\u00dferschulischen Jugendbildung bereitet die simulierte Abstimmung mit den flankierenden Bildungsangeboten in den Wahllokalen Kinder und Jugendliche auf die sp\u00e4tere Beteiligung bei Wahlen vor.<\/p>\n\n\n\n<p>Kinder und Jugendliche besch\u00e4ftigen sich vor der Wahl mit politischen Inhalten und Prozessen und geben am Wahltag in Wahllokalen ihre Stimme ab.<\/p>\n\n\n\n<p>So k\u00f6nnen alle, die aufgrund ihres Alters nicht w\u00e4hlen d\u00fcrfen, ihre politische Meinung mitteilen.&nbsp;<\/p>\n\n\n\n<p>Die U18-Wahlergebnisse stellen im rechtlichen Sinn eine Meinungsumfrage dar und sind durch das Grundrecht auf freie Meinungs\u00e4u\u00dferung gesch\u00fctzt.<\/p>\n<\/div><\/div>\n\n\n\n<div class=\"wp-block-buttons is-layout-flex wp-block-buttons-is-layout-flex\">\n<div class=\"wp-block-button\"><a class=\"wp-block-button__link wp-element-button\" href=\"?page_id=823\"><mark style=\"background-color:rgba(0, 0, 0, 0)\" class=\"has-inline-color has-white-color\">U18 Wahllokale<\/mark><\/a><\/div>\n\n\n\n<div class=\"wp-block-button\"><a class=\"wp-block-button__link wp-element-button\" href=\"?page_id=825\"><mark style=\"background-color:rgba(0, 0, 0, 0)\" class=\"has-inline-color has-white-color\">Kandidat:innen Steckbriefe<\/mark><\/a><\/div>\n\n\n\n<div class=\"wp-block-button\"><a class=\"wp-block-button__link wp-element-button\" href=\"?page_id=827\"><mark style=\"background-color:rgba(0, 0, 0, 0)\" class=\"has-inline-color has-white-color\">Ergebnisse<\/mark><\/a><\/div>\n<\/div>\n\n\n\n<p><\/p>\n\n\n\n<div class=\"wp-block-buttons is-layout-flex wp-block-buttons-is-layout-flex\">\n<div class=\"wp-block-button\"><a class=\"wp-block-button__link wp-element-button\" href=\"https:\/\/stimmlos-gap.de\/wp-content\/uploads\/2026\/02\/InfoblattKWNS.pdf\"><mark style=\"background-color:rgba(0, 0, 0, 0)\" class=\"has-inline-color has-white-color\">Informationsbrosch\u00fcre zur Kommunalwahl am 08.03.2026<\/mark><\/a><\/div>\n\n\n\n<div class=\"wp-block-button\"><a class=\"wp-block-button__link wp-element-button\" href=\"https:\/\/stimmlos-gap.de\/wp-content\/uploads\/2026\/02\/InfoblattKWLS.pdf\"><mark style=\"background-color:rgba(0, 0, 0, 0)\" class=\"has-inline-color has-white-color\">Informationsbrosch\u00fcre zur Kommunalwahl in leichter Sprache<\/mark><\/a><\/div>\n\n\n\n<div class=\"wp-block-button\"><a class=\"wp-block-button__link wp-element-button\" href=\"https:\/\/stimmlos-gap.de\/wp-content\/uploads\/2026\/02\/PowerPoint-Kommunalwahl-2026.pptx\"><mark style=\"background-color:rgba(0, 0, 0, 0)\" class=\"has-inline-color has-white-color\">Powerpointpr\u00e4sention zur Kommunalwahl und U18 Wahl im Landkreis<\/mark><\/a><\/div>\n\n\n\n<div class=\"wp-block-button\"><a class=\"wp-block-button__link wp-element-button\" href=\"https:\/\/wahlen.landkreis-gap.de\/Kommunal26\/Kreistag\/probestimmzettel.html\"><mark style=\"background-color:rgba(0, 0, 0, 0)\" class=\"has-inline-color has-white-color\">Probestimmzettel Kreistagswahl LANDKREIS Garmisch-Partenkirchen<\/mark><\/a><\/div>\n<\/div>\n\n\n\n<p><\/p>\n","protected":false},"excerpt":{"rendered":"<p>Demokratie-Bildung mit U18 Die U18-Wahl ist eine Wahl f\u00fcr Kinder und Jugendliche. Als Instrument der politisch-au\u00dferschulischen Jugendbildung bereitet die simulierte &hellip; <a href=\"https:\/\/stimmlos-gap.de\/?page_id=820\" class=\"more-link\">Continue reading <span class=\"screen-reader-text\">Kommunalwahl 2026<\/span><\/a><\/p>\n","protected":false},"author":1,"featured_media":0,"parent":0,"menu_order":0,"comment_status":"closed","ping_status":"closed","template":"","meta":{"footnotes":""},"class_list":["post-820","page","type-page","status-publish","hentry"],"_links":{"self":[{"href":"https:\/\/stimmlos-gap.de\/index.php?rest_route=\/wp\/v2\/pages\/820","targetHints":{"allow":["GET"]}}],"collection":[{"href":"https:\/\/stimmlos-gap.de\/index.php?rest_route=\/wp\/v2\/pages"}],"about":[{"href":"https:\/\/stimmlos-gap.de\/index.php?rest_route=\/wp\/v2\/types\/page"}],"author":[{"embeddable":true,"href":"https:\/\/stimmlos-gap.de\/index.php?rest_route=\/wp\/v2\/users\/1"}],"replies":[{"embeddable":true,"href":"https:\/\/stimmlos-gap.de\/index.php?rest_route=%2Fwp%2Fv2%2Fcomments&post=820"}],"version-history":[{"count":13,"href":"https:\/\/stimmlos-gap.de\/index.php?rest_route=\/wp\/v2\/pages\/820\/revisions"}],"predecessor-version":[{"id":1063,"href":"https:\/\/stimmlos-gap.de\/index.php?rest_route=\/wp\/v2\/pages\/820\/revisions\/1063"}],"wp:attachment":[{"href":"https:\/\/stimmlos-gap.de\/index.php?rest_route=%2Fwp%2Fv2%2Fmedia&parent=820"}],"curies":[{"name":"wp","href":"https:\/\/api.w.org\/{rel}","templated":true}]}}